{"id":409,"date":"2018-05-04T13:45:25","date_gmt":"2018-05-04T13:45:25","guid":{"rendered":"https:\/\/hoteltermefiola.it\/?page_id=409"},"modified":"2022-05-02T16:44:40","modified_gmt":"2022-05-02T16:44:40","slug":"dienstleistungen","status":"publish","type":"page","link":"https:\/\/hoteltermefiola.it\/de\/dienstleistungen\/","title":{"rendered":"Dienstleistungen"},"content":{"rendered":"<h4><strong><span id=\"result_box\" class=\"\" lang=\"de\"><span class=\"\">Das Hotel bietet seinen Kunden:<\/span><\/span><\/strong><\/h4>\n<h4><span id=\"result_box\" class=\"\" lang=\"de\"><br \/>\n<strong><span class=\"\">Schwimmen<\/span><\/strong><\/span><\/h4>\n<p><span id=\"result_box\" class=\"\" lang=\"de\">Au\u00dfenpool mit Whirlpool<\/span><\/p>\n<h4><span id=\"result_box\" class=\"\" lang=\"de\"><br \/>\n<strong>Solarium<\/strong><\/span><\/h4>\n<p><span id=\"result_box\" class=\"\" lang=\"de\">Ein Bereich zum Sonnenbaden, mit Liegest\u00fchlen, Liegen und Sonnenschirmen ausgestattet, erwartet Sie im Hotel f\u00fcr eine Br\u00e4une, umgeben von Natur, ohne den luxuri\u00f6sesten Komfort zu opfern<\/span><\/p>\n<h4><span id=\"result_box\" class=\"\" lang=\"de\"><br \/>\n<strong>Snack bar<\/strong><\/span><\/h4>\n<h4>Ein Snackbar-Service ist nur zum Mittagessen verf\u00fcgbar<\/h4>\n<h4><strong>Shuttle-Service<\/strong><\/h4>\n<p>Kostenloser Shuttle vom Hotel ins Zentrum von Casamicciola Terme und umgekehrt zu festgelegten Zeiten<\/p>\n<h4><strong>Transfer<\/strong><span id=\"result_box\" class=\"\" lang=\"de\"><\/span><\/h4>\n<p><span id=\"result_box\" class=\"\" lang=\"de\">M\u00f6glichkeit des Transfers mit dem BUS, um bei der Buchung zu reservieren, von verschiedenen italienischen St\u00e4dten zum Hotel Terme Fiola. M\u00f6glichkeit zum Transfer vom und zum Flughafen oder Bahnhof<\/span><\/p>\n<h4><span id=\"result_box\" class=\"\" lang=\"de\"><strong>G\u00fctezeichen<\/strong><\/span><\/h4>\n<p><span id=\"result_box\" class=\"\" lang=\"de\">Zertifizierung UNI EN ISO 9001: 2008<\/span><\/p>\n<p>Zertifizierung UNI EN ISO 14001: 2004<\/p>\n<h4><span id=\"result_box\" class=\"\" lang=\"de\"><br \/>\n<strong>Kasse<\/strong><\/span><\/h4>\n<p><span id=\"result_box\" class=\"\" lang=\"de\">Check-out Zeit 10:30, innerhalb derer die Zimmer ger\u00e4umt werden m\u00fcssen.<\/span><\/p>\n<h4><span id=\"result_box\" class=\"\" lang=\"de\"><br \/>\n<strong>WI-FI<\/strong><\/span><\/h4>\n<p><span id=\"result_box\" class=\"\" lang=\"de\">Free WI-FI im ganzen Hotel<\/span><\/p>\n","protected":false},"excerpt":{"rendered":"<p>Das Hotel bietet seinen Kunden: Schwimmen Au\u00dfenpool mit Whirlpool Solarium Ein Bereich zum Sonnenbaden, mit Liegest\u00fchlen, Liegen und Sonnenschirmen ausgestattet, erwartet Sie im Hotel f\u00fcr eine Br\u00e4une, umgeben von Natur, ohne den luxuri\u00f6sesten Komfort zu opfern Snack bar Ein Snackbar-Service ist nur zum Mittagessen verf\u00fcgbar Shuttle-Service Kostenloser Shuttle vom Hotel[&#8230;]<\/p>\n","protected":false},"author":1,"featured_media":740,"parent":0,"menu_order":0,"comment_status":"closed","ping_status":"open","template":"","meta":[],"aioseo_notices":[],"_links":{"self":[{"href":"https:\/\/hoteltermefiola.it\/de\/wp-json\/wp\/v2\/pages\/409"}],"collection":[{"href":"https:\/\/hoteltermefiola.it\/de\/wp-json\/wp\/v2\/pages"}],"about":[{"href":"https:\/\/hoteltermefiola.it\/de\/wp-json\/wp\/v2\/types\/page"}],"author":[{"embeddable":true,"href":"https:\/\/hoteltermefiola.it\/de\/wp-json\/wp\/v2\/users\/1"}],"replies":[{"embeddable":true,"href":"https:\/\/hoteltermefiola.it\/de\/wp-json\/wp\/v2\/comments?post=409"}],"version-history":[{"count":4,"href":"https:\/\/hoteltermefiola.it\/de\/wp-json\/wp\/v2\/pages\/409\/revisions"}],"predecessor-version":[{"id":809,"href":"https:\/\/hoteltermefiola.it\/de\/wp-json\/wp\/v2\/pages\/409\/revisions\/809"}],"wp:featuredmedia":[{"embeddable":true,"href":"https:\/\/hoteltermefiola.it\/de\/wp-json\/wp\/v2\/media\/740"}],"wp:attachment":[{"href":"https:\/\/hoteltermefiola.it\/de\/wp-json\/wp\/v2\/media?parent=409"}],"curies":[{"name":"wp","href":"https:\/\/api.w.org\/{rel}","templated":true}]}}