{"id":444,"date":"2018-05-07T15:22:10","date_gmt":"2018-05-07T15:22:10","guid":{"rendered":"https:\/\/hoteltermefiola.it\/?page_id=444"},"modified":"2018-05-07T15:22:10","modified_gmt":"2018-05-07T15:22:10","slug":"thermae-fiola","status":"publish","type":"page","link":"https:\/\/hoteltermefiola.it\/de\/thermae-fiola\/","title":{"rendered":"Thermae Fiola"},"content":{"rendered":"<h4 style=\"text-align: center;\"><span id=\"result_box\" class=\"\" lang=\"en\"><span class=\"\"><span id=\"result_box\" class=\"\" lang=\"de\">Zus\u00e4tzlich zum Spa k\u00f6nnen wir Ihnen einen Aufenthalt unter dem Banner des Spas anbieten. Die Antiche Terme Fiola, die Teil unserer FIDI HOTELS Gruppe sind, ist der ideale Ort, um die Vorteile des Thermalwassers von Casamicciola Terme zu entdecken.<\/span><\/span><\/span><\/h4>\n<p><!--more--><\/p>\n<h4><strong><span id=\"result_box\" class=\"short_text\" lang=\"en\"><span class=\"\"><span id=\"result_box\" class=\"short_text\" lang=\"de\">Die Antiche<\/span>Terme Fiola<\/span><\/span><\/strong><\/h4>\n<p><strong><span id=\"result_box\" class=\"\" lang=\"en\"><span class=\"\"><span id=\"result_box\" class=\"\" lang=\"de\">nat\u00fcrliche Mineralwasserquellen, die f\u00fcr Schlamm und zur Behandlung von Rheuma und Arthritis geeignet sind<\/span><\/span><\/span><\/strong><\/p>\n<p><span id=\"result_box\" class=\"\" lang=\"en\"><span id=\"result_box\" class=\"\" lang=\"de\"><span class=\"\">Die Terme Fiola geh\u00f6ren zu den \u00e4ltesten der Insel Ischia, ihre nat\u00fcrlichen Quellen geh\u00f6ren zum Gurgitello-Becken, das seit der Zeit von Plinius dem J\u00fcngeren (98 n.Chr.) Bekannt ist.<\/span> In der Mitte der historischen Quelle des Gurgitello, erstaunlich, f\u00fcr die wundervollen Leistungen in Jahrhunderten der Pflege, mit der Verwendung von Mineralwasser und seine Schl\u00e4mme. Das Wasser ist hervorragend radioaktiv, hyper-thermisch, geruchlos, klar alkalisch bei einer Temperatur von 85 \u00b0 C. Bei TERME V. FIOLA kann man Vorteile finden: Rheuma &#8211; Arthritis &#8211; Synovitis &#8211; Nachwirkungen von Frakturen und traumatischen Verletzungen &#8211; Sterilit\u00e4t &#8211; Catarri &#8211; Erkrankungen des Genitalbereichs &#8211; Erkrankungen des Atmungssystems.<\/span><br \/>\n<\/span><\/p>\n\n<h4><strong><span class=\"breadcrumbs pathway\"><span id=\"result_box\" class=\"short_text\" lang=\"en\"><span class=\"\"><span id=\"result_box\" class=\"short_text\" lang=\"de\">Die nat\u00fcrlichen H\u00f6hlen<\/span><\/span><\/span><\/span><\/strong><\/h4>\n<p><span id=\"result_box\" class=\"\" lang=\"en\"><span id=\"result_box\" class=\"\" lang=\"de\"><span class=\"\">Was gibt es Sch\u00f6neres, als etwas Zeit f\u00fcr unser Wohlbefinden zu opfern?<\/span> Wenn die Ergebnisse mit nat\u00fcrlichen und \u00e4u\u00dferst angenehmen Methoden erzielt werden, ist es noch besser. Oft ist es sogar in der Stadt nicht ungew\u00f6hnlich<\/span><br \/>\n<\/span><\/p>\n<figure id=\"attachment_90\" aria-describedby=\"caption-attachment-90\" style=\"width: 300px\" class=\"wp-caption alignleft\"><img loading=\"lazy\" class=\"size-medium wp-image-90\" src=\"https:\/\/albergolapprodo.it\/wp-content\/uploads\/2018\/04\/Fiola267-300x225.jpg\" alt=\"\" width=\"300\" height=\"225\" \/><figcaption id=\"caption-attachment-90\" class=\"wp-caption-text\">Unicode<\/figcaption><\/figure>\n<p><span id=\"result_box\" class=\"\" lang=\"en\"><span id=\"result_box\" class=\"\" lang=\"de\"><span class=\"\">Heute nehmen Sie eine Saunagang.<\/span> <span class=\"\">Aber wie anders ist es, ein t\u00fcrkisches Bad in der Terme Fiola zu haben, Sie werden es entdecken, um uns zu finden und uns wirklich in Gemeinschaft mit der Natur zu f\u00fchlen.<\/span> Weil unsere Heiz\u00f6fen die gleichen sind wie vor tausend und tausend Jahren. Sie sind in den Stein gehauene H\u00f6hlen. Von den W\u00e4nden des lebenden Felsens strahlt eine wohltuende Hitze aus, in der man sich in einer gesunden Umarmung aufgibt. Sie werden wirklich f\u00fchlen im Bauch der Erde die hei\u00dfen D\u00e4mpfe einatmen, die den Atem \u00f6ffnen, Sinusitis und Kopfschmerzen bek\u00e4mpfen, Bronchien und Lungen heilen. Sie werden die magische Ber\u00fchrung der B\u00e4der auf Ihrer Haut sp\u00fcren: tausend Tropfen, tausend Balsame und Ihre Haut atmet, sie wird erneuert, indem abgestorbene Zellen, Unreinheiten, Zeichen der Zeit entfernt werden. Eine frische Dusche und du wirst neue Frauen und M\u00e4nner sein.<\/span><br \/>\n<\/span><\/p>\n","protected":false},"excerpt":{"rendered":"<p>Zus\u00e4tzlich zum Spa k\u00f6nnen wir Ihnen einen Aufenthalt unter dem Banner des Spas anbieten. Die Antiche Terme Fiola, die Teil unserer FIDI HOTELS Gruppe sind, ist der ideale Ort, um die Vorteile des Thermalwassers von Casamicciola Terme zu entdecken.<\/p>\n","protected":false},"author":1,"featured_media":0,"parent":0,"menu_order":0,"comment_status":"closed","ping_status":"closed","template":"","meta":[],"aioseo_notices":[],"_links":{"self":[{"href":"https:\/\/hoteltermefiola.it\/de\/wp-json\/wp\/v2\/pages\/444"}],"collection":[{"href":"https:\/\/hoteltermefiola.it\/de\/wp-json\/wp\/v2\/pages"}],"about":[{"href":"https:\/\/hoteltermefiola.it\/de\/wp-json\/wp\/v2\/types\/page"}],"author":[{"embeddable":true,"href":"https:\/\/hoteltermefiola.it\/de\/wp-json\/wp\/v2\/users\/1"}],"replies":[{"embeddable":true,"href":"https:\/\/hoteltermefiola.it\/de\/wp-json\/wp\/v2\/comments?post=444"}],"version-history":[{"count":1,"href":"https:\/\/hoteltermefiola.it\/de\/wp-json\/wp\/v2\/pages\/444\/revisions"}],"predecessor-version":[{"id":445,"href":"https:\/\/hoteltermefiola.it\/de\/wp-json\/wp\/v2\/pages\/444\/revisions\/445"}],"wp:attachment":[{"href":"https:\/\/hoteltermefiola.it\/de\/wp-json\/wp\/v2\/media?parent=444"}],"curies":[{"name":"wp","href":"https:\/\/api.w.org\/{rel}","templated":true}]}}